{"id":451,"date":"2024-05-02T05:33:30","date_gmt":"2024-05-02T10:33:30","guid":{"rendered":"https:\/\/surflinksas.com\/?page_id=451"},"modified":"2024-10-12T01:12:30","modified_gmt":"2024-10-12T06:12:30","slug":"regimen-de-proteccion-al-usuario","status":"publish","type":"page","link":"https:\/\/surflinksas.com\/index.php\/regimen-de-proteccion-al-usuario\/","title":{"rendered":"R\u00e9gimen de Protecci\u00f3n al Usuario"},"content":{"rendered":"\t\t<div data-elementor-type=\"wp-page\" data-elementor-id=\"451\" class=\"elementor elementor-451\" data-elementor-post-type=\"page\">\n\t\t\t\t<div class=\"elementor-element elementor-element-aff3fa8 e-flex e-con-boxed wpr-particle-no wpr-jarallax-no wpr-parallax-no wpr-sticky-section-no wpr-equal-height-no e-con e-parent\" data-id=\"aff3fa8\" data-element_type=\"container\" data-e-type=\"container\">\n\t\t\t\t\t<div class=\"e-con-inner\">\n\t\t\t\t<div class=\"elementor-element elementor-element-b8f4d88 elementor-widget elementor-widget-spacer\" data-id=\"b8f4d88\" data-element_type=\"widget\" data-e-type=\"widget\" data-widget_type=\"spacer.default\">\n\t\t\t\t<div class=\"elementor-widget-container\">\n\t\t\t\t\t\t\t<div class=\"elementor-spacer\">\n\t\t\t<div class=\"elementor-spacer-inner\"><\/div>\n\t\t<\/div>\n\t\t\t\t\t\t<\/div>\n\t\t\t\t<\/div>\n\t\t\t\t\t<\/div>\n\t\t\t\t<\/div>\n\t\t\t\t<section class=\"elementor-section elementor-top-section elementor-element elementor-element-eac7a58 elementor-section-boxed elementor-section-height-default elementor-section-height-default wpr-particle-no wpr-jarallax-no wpr-parallax-no wpr-sticky-section-no wpr-equal-height-no\" data-id=\"eac7a58\" data-element_type=\"section\" data-e-type=\"section\" data-settings=\"{&quot;background_background&quot;:&quot;classic&quot;}\">\n\t\t\t\t\t\t\t<div class=\"elementor-background-overlay\"><\/div>\n\t\t\t\t\t\t\t<div class=\"elementor-container elementor-column-gap-default\">\n\t\t\t\t\t<div class=\"elementor-column elementor-col-100 elementor-top-column elementor-element elementor-element-8642c5f\" data-id=\"8642c5f\" data-element_type=\"column\" data-e-type=\"column\">\n\t\t\t<div class=\"elementor-widget-wrap elementor-element-populated\">\n\t\t\t\t\t\t<div class=\"elementor-element elementor-element-c9387d4 elementor-widget elementor-widget-spacer\" data-id=\"c9387d4\" data-element_type=\"widget\" data-e-type=\"widget\" data-widget_type=\"spacer.default\">\n\t\t\t\t<div class=\"elementor-widget-container\">\n\t\t\t\t\t\t\t<div class=\"elementor-spacer\">\n\t\t\t<div class=\"elementor-spacer-inner\"><\/div>\n\t\t<\/div>\n\t\t\t\t\t\t<\/div>\n\t\t\t\t<\/div>\n\t\t\t\t<div class=\"elementor-element elementor-element-237802d elementor-widget elementor-widget-heading\" data-id=\"237802d\" data-element_type=\"widget\" data-e-type=\"widget\" data-widget_type=\"heading.default\">\n\t\t\t\t<div class=\"elementor-widget-container\">\n\t\t\t\t\t<h2 class=\"elementor-heading-title elementor-size-default\">R\u00c9GIMEN DE PROTECCI\u00d3N AL USUARIO<\/h2>\t\t\t\t<\/div>\n\t\t\t\t<\/div>\n\t\t\t\t\t<\/div>\n\t\t<\/div>\n\t\t\t\t\t<\/div>\n\t\t<\/section>\n\t\t\t\t<section class=\"elementor-section elementor-top-section elementor-element elementor-element-e6716b8 elementor-section-boxed elementor-section-height-default elementor-section-height-default wpr-particle-no wpr-jarallax-no wpr-parallax-no wpr-sticky-section-no wpr-equal-height-no\" data-id=\"e6716b8\" data-element_type=\"section\" data-e-type=\"section\">\n\t\t\t\t\t\t<div class=\"elementor-container elementor-column-gap-default\">\n\t\t\t\t\t<div class=\"elementor-column elementor-col-100 elementor-top-column elementor-element elementor-element-d094883\" data-id=\"d094883\" data-element_type=\"column\" data-e-type=\"column\">\n\t\t\t<div class=\"elementor-widget-wrap elementor-element-populated\">\n\t\t\t\t\t\t<div class=\"elementor-element elementor-element-9bec0b5 elementor-widget elementor-widget-image\" data-id=\"9bec0b5\" data-element_type=\"widget\" data-e-type=\"widget\" data-widget_type=\"image.default\">\n\t\t\t\t<div class=\"elementor-widget-container\">\n\t\t\t\t\t\t\t\t\t\t\t\t\t\t\t<img fetchpriority=\"high\" decoding=\"async\" width=\"1024\" height=\"348\" src=\"https:\/\/surflinksas.com\/wp-content\/uploads\/2024\/10\/banner_CRC_proteccion_usurio_20181226-1024x348.jpg\" class=\"attachment-large size-large wp-image-802\" alt=\"\" srcset=\"https:\/\/surflinksas.com\/wp-content\/uploads\/2024\/10\/banner_CRC_proteccion_usurio_20181226-1024x348.jpg 1024w, https:\/\/surflinksas.com\/wp-content\/uploads\/2024\/10\/banner_CRC_proteccion_usurio_20181226-300x102.jpg 300w, https:\/\/surflinksas.com\/wp-content\/uploads\/2024\/10\/banner_CRC_proteccion_usurio_20181226-768x261.jpg 768w, https:\/\/surflinksas.com\/wp-content\/uploads\/2024\/10\/banner_CRC_proteccion_usurio_20181226-600x204.jpg 600w, https:\/\/surflinksas.com\/wp-content\/uploads\/2024\/10\/banner_CRC_proteccion_usurio_20181226.jpg 1280w\" sizes=\"(max-width: 1024px) 100vw, 1024px\" \/>\t\t\t\t\t\t\t\t\t\t\t\t\t\t\t<\/div>\n\t\t\t\t<\/div>\n\t\t\t\t<div class=\"elementor-element elementor-element-69e7984 elementor-widget elementor-widget-html\" data-id=\"69e7984\" data-element_type=\"widget\" data-e-type=\"widget\" data-widget_type=\"html.default\">\n\t\t\t\t<div class=\"elementor-widget-container\">\n\t\t\t\t\t<iframe src=\"https:\/\/drive.google.com\/file\/d\/1trohxwCVV8gsJm84On6ePrP-7m0VoyO9\/preview\" width=\"640\" height=\"480\" allow=\"autoplay\"><\/iframe>\t\t\t\t<\/div>\n\t\t\t\t<\/div>\n\t\t\t\t\t<\/div>\n\t\t<\/div>\n\t\t\t\t\t<\/div>\n\t\t<\/section>\n\t\t\t\t<\/div>\n\t\t","protected":false},"excerpt":{"rendered":"<p>R\u00c9GIMEN DE PROTECCI\u00d3N AL USUARIO<\/p>\n","protected":false},"author":1,"featured_media":0,"parent":0,"menu_order":0,"comment_status":"closed","ping_status":"closed","template":"","meta":{"site-sidebar-layout":"default","site-content-layout":"","ast-site-content-layout":"default","site-content-style":"default","site-sidebar-style":"default","ast-global-header-display":"","ast-banner-title-visibility":"","ast-main-header-display":"","ast-hfb-above-header-display":"","ast-hfb-below-header-display":"","ast-hfb-mobile-header-display":"","site-post-title":"","ast-breadcrumbs-content":"","ast-featured-img":"","footer-sml-layout":"","ast-disable-related-posts":"","theme-transparent-header-meta":"default","adv-header-id-meta":"","stick-header-meta":"","header-above-stick-meta":"","header-main-stick-meta":"","header-below-stick-meta":"","astra-migrate-meta-layouts":"set","ast-page-background-enabled":"default","ast-page-background-meta":{"desktop":{"background-color":"var(--ast-global-color-4)","background-image":"","background-repeat":"repeat","background-position":"center center","background-size":"auto","background-attachment":"scroll","background-type":"","background-media":"","overlay-type":"","overlay-color":"","overlay-opacity":"","overlay-gradient":""},"tablet":{"background-color":"","background-image":"","background-repeat":"repeat","background-position":"center center","background-size":"auto","background-attachment":"scroll","background-type":"","background-media":"","overlay-type":"","overlay-color":"","overlay-opacity":"","overlay-gradient":""},"mobile":{"background-color":"","background-image":"","background-repeat":"repeat","background-position":"center center","background-size":"auto","background-attachment":"scroll","background-type":"","background-media":"","overlay-type":"","overlay-color":"","overlay-opacity":"","overlay-gradient":""}},"ast-content-background-meta":{"desktop":{"background-color":"var(--ast-global-color-5)","background-image":"","background-repeat":"repeat","background-position":"center center","background-size":"auto","background-attachment":"scroll","background-type":"","background-media":"","overlay-type":"","overlay-color":"","overlay-opacity":"","overlay-gradient":""},"tablet":{"background-color":"var(--ast-global-color-5)","background-image":"","background-repeat":"repeat","background-position":"center center","background-size":"auto","background-attachment":"scroll","background-type":"","background-media":"","overlay-type":"","overlay-color":"","overlay-opacity":"","overlay-gradient":""},"mobile":{"background-color":"var(--ast-global-color-5)","background-image":"","background-repeat":"repeat","background-position":"center center","background-size":"auto","background-attachment":"scroll","background-type":"","background-media":"","overlay-type":"","overlay-color":"","overlay-opacity":"","overlay-gradient":""}},"footnotes":"","_links_to":"","_links_to_target":""},"class_list":["post-451","page","type-page","status-publish","hentry"],"yoast_head":"<!-- This site is optimized with the Yoast SEO plugin v23.5 - https:\/\/yoast.com\/wordpress\/plugins\/seo\/ -->\n<title>R\u00e9gimen de Protecci\u00f3n al Usuario - Internet de la era del Link<\/title>\n<meta name=\"robots\" content=\"index, follow, max-snippet:-1, max-image-preview:large, max-video-preview:-1\" \/>\n<link rel=\"canonical\" href=\"https:\/\/surflinksas.com\/index.php\/regimen-de-proteccion-al-usuario\/\" \/>\n<meta property=\"og:locale\" content=\"es_ES\" \/>\n<meta property=\"og:type\" content=\"article\" \/>\n<meta property=\"og:title\" content=\"R\u00e9gimen de Protecci\u00f3n al Usuario - Internet de la era del Link\" \/>\n<meta property=\"og:description\" content=\"R\u00c9GIMEN DE PROTECCI\u00d3N AL USUARIO\" \/>\n<meta property=\"og:url\" content=\"https:\/\/surflinksas.com\/index.php\/regimen-de-proteccion-al-usuario\/\" \/>\n<meta property=\"og:site_name\" content=\"Internet de la era del Link\" \/>\n<meta property=\"article:modified_time\" content=\"2024-10-12T06:12:30+00:00\" \/>\n<meta property=\"og:image\" content=\"https:\/\/surflinksas.com\/wp-content\/uploads\/2024\/10\/banner_CRC_proteccion_usurio_20181226-1024x348.jpg\" \/>\n<meta name=\"twitter:card\" content=\"summary_large_image\" \/>\n<meta name=\"twitter:label1\" content=\"Tiempo de lectura\" \/>\n\t<meta name=\"twitter:data1\" content=\"1 minuto\" \/>\n<script type=\"application\/ld+json\" class=\"yoast-schema-graph\">{\"@context\":\"https:\/\/schema.org\",\"@graph\":[{\"@type\":\"WebPage\",\"@id\":\"https:\/\/surflinksas.com\/index.php\/regimen-de-proteccion-al-usuario\/\",\"url\":\"https:\/\/surflinksas.com\/index.php\/regimen-de-proteccion-al-usuario\/\",\"name\":\"R\u00e9gimen de Protecci\u00f3n al Usuario - Internet de la era del Link\",\"isPartOf\":{\"@id\":\"https:\/\/surflinksas.com\/#website\"},\"primaryImageOfPage\":{\"@id\":\"https:\/\/surflinksas.com\/index.php\/regimen-de-proteccion-al-usuario\/#primaryimage\"},\"image\":{\"@id\":\"https:\/\/surflinksas.com\/index.php\/regimen-de-proteccion-al-usuario\/#primaryimage\"},\"thumbnailUrl\":\"https:\/\/surflinksas.com\/wp-content\/uploads\/2024\/10\/banner_CRC_proteccion_usurio_20181226-1024x348.jpg\",\"datePublished\":\"2024-05-02T10:33:30+00:00\",\"dateModified\":\"2024-10-12T06:12:30+00:00\",\"breadcrumb\":{\"@id\":\"https:\/\/surflinksas.com\/index.php\/regimen-de-proteccion-al-usuario\/#breadcrumb\"},\"inLanguage\":\"es-CO\",\"potentialAction\":[{\"@type\":\"ReadAction\",\"target\":[\"https:\/\/surflinksas.com\/index.php\/regimen-de-proteccion-al-usuario\/\"]}]},{\"@type\":\"ImageObject\",\"inLanguage\":\"es-CO\",\"@id\":\"https:\/\/surflinksas.com\/index.php\/regimen-de-proteccion-al-usuario\/#primaryimage\",\"url\":\"https:\/\/surflinksas.com\/wp-content\/uploads\/2024\/10\/banner_CRC_proteccion_usurio_20181226.jpg\",\"contentUrl\":\"https:\/\/surflinksas.com\/wp-content\/uploads\/2024\/10\/banner_CRC_proteccion_usurio_20181226.jpg\",\"width\":1280,\"height\":435},{\"@type\":\"BreadcrumbList\",\"@id\":\"https:\/\/surflinksas.com\/index.php\/regimen-de-proteccion-al-usuario\/#breadcrumb\",\"itemListElement\":[{\"@type\":\"ListItem\",\"position\":1,\"name\":\"Inicio\",\"item\":\"https:\/\/surflinksas.com\/\"},{\"@type\":\"ListItem\",\"position\":2,\"name\":\"R\u00e9gimen de Protecci\u00f3n al Usuario\"}]},{\"@type\":\"WebSite\",\"@id\":\"https:\/\/surflinksas.com\/#website\",\"url\":\"https:\/\/surflinksas.com\/\",\"name\":\"Internet de la era del Link\",\"description\":\"ISP Proveedores de Servicio de Internet\",\"publisher\":{\"@id\":\"https:\/\/surflinksas.com\/#organization\"},\"potentialAction\":[{\"@type\":\"SearchAction\",\"target\":{\"@type\":\"EntryPoint\",\"urlTemplate\":\"https:\/\/surflinksas.com\/?s={search_term_string}\"},\"query-input\":{\"@type\":\"PropertyValueSpecification\",\"valueRequired\":true,\"valueName\":\"search_term_string\"}}],\"inLanguage\":\"es-CO\"},{\"@type\":\"Organization\",\"@id\":\"https:\/\/surflinksas.com\/#organization\",\"name\":\"Internet de la era del Link\",\"url\":\"https:\/\/surflinksas.com\/\",\"logo\":{\"@type\":\"ImageObject\",\"inLanguage\":\"es-CO\",\"@id\":\"https:\/\/surflinksas.com\/#\/schema\/logo\/image\/\",\"url\":\"https:\/\/surflinksas.com\/wp-content\/uploads\/2024\/08\/logo-surflink-tvsanvi.png\",\"contentUrl\":\"https:\/\/surflinksas.com\/wp-content\/uploads\/2024\/08\/logo-surflink-tvsanvi.png\",\"width\":32000,\"height\":5445,\"caption\":\"Internet de la era del Link\"},\"image\":{\"@id\":\"https:\/\/surflinksas.com\/#\/schema\/logo\/image\/\"}}]}<\/script>\n<!-- \/ Yoast SEO plugin. -->","yoast_head_json":{"title":"R\u00e9gimen de Protecci\u00f3n al Usuario - Internet de la era del Link","robots":{"index":"index","follow":"follow","max-snippet":"max-snippet:-1","max-image-preview":"max-image-preview:large","max-video-preview":"max-video-preview:-1"},"canonical":"https:\/\/surflinksas.com\/index.php\/regimen-de-proteccion-al-usuario\/","og_locale":"es_ES","og_type":"article","og_title":"R\u00e9gimen de Protecci\u00f3n al Usuario - Internet de la era del Link","og_description":"R\u00c9GIMEN DE PROTECCI\u00d3N AL USUARIO","og_url":"https:\/\/surflinksas.com\/index.php\/regimen-de-proteccion-al-usuario\/","og_site_name":"Internet de la era del Link","article_modified_time":"2024-10-12T06:12:30+00:00","og_image":[{"url":"https:\/\/surflinksas.com\/wp-content\/uploads\/2024\/10\/banner_CRC_proteccion_usurio_20181226-1024x348.jpg"}],"twitter_card":"summary_large_image","twitter_misc":{"Tiempo de lectura":"1 minuto"},"schema":{"@context":"https:\/\/schema.org","@graph":[{"@type":"WebPage","@id":"https:\/\/surflinksas.com\/index.php\/regimen-de-proteccion-al-usuario\/","url":"https:\/\/surflinksas.com\/index.php\/regimen-de-proteccion-al-usuario\/","name":"R\u00e9gimen de Protecci\u00f3n al Usuario - Internet de la era del Link","isPartOf":{"@id":"https:\/\/surflinksas.com\/#website"},"primaryImageOfPage":{"@id":"https:\/\/surflinksas.com\/index.php\/regimen-de-proteccion-al-usuario\/#primaryimage"},"image":{"@id":"https:\/\/surflinksas.com\/index.php\/regimen-de-proteccion-al-usuario\/#primaryimage"},"thumbnailUrl":"https:\/\/surflinksas.com\/wp-content\/uploads\/2024\/10\/banner_CRC_proteccion_usurio_20181226-1024x348.jpg","datePublished":"2024-05-02T10:33:30+00:00","dateModified":"2024-10-12T06:12:30+00:00","breadcrumb":{"@id":"https:\/\/surflinksas.com\/index.php\/regimen-de-proteccion-al-usuario\/#breadcrumb"},"inLanguage":"es-CO","potentialAction":[{"@type":"ReadAction","target":["https:\/\/surflinksas.com\/index.php\/regimen-de-proteccion-al-usuario\/"]}]},{"@type":"ImageObject","inLanguage":"es-CO","@id":"https:\/\/surflinksas.com\/index.php\/regimen-de-proteccion-al-usuario\/#primaryimage","url":"https:\/\/surflinksas.com\/wp-content\/uploads\/2024\/10\/banner_CRC_proteccion_usurio_20181226.jpg","contentUrl":"https:\/\/surflinksas.com\/wp-content\/uploads\/2024\/10\/banner_CRC_proteccion_usurio_20181226.jpg","width":1280,"height":435},{"@type":"BreadcrumbList","@id":"https:\/\/surflinksas.com\/index.php\/regimen-de-proteccion-al-usuario\/#breadcrumb","itemListElement":[{"@type":"ListItem","position":1,"name":"Inicio","item":"https:\/\/surflinksas.com\/"},{"@type":"ListItem","position":2,"name":"R\u00e9gimen de Protecci\u00f3n al Usuario"}]},{"@type":"WebSite","@id":"https:\/\/surflinksas.com\/#website","url":"https:\/\/surflinksas.com\/","name":"Internet de la era del Link","description":"ISP Proveedores de Servicio de Internet","publisher":{"@id":"https:\/\/surflinksas.com\/#organization"},"potentialAction":[{"@type":"SearchAction","target":{"@type":"EntryPoint","urlTemplate":"https:\/\/surflinksas.com\/?s={search_term_string}"},"query-input":{"@type":"PropertyValueSpecification","valueRequired":true,"valueName":"search_term_string"}}],"inLanguage":"es-CO"},{"@type":"Organization","@id":"https:\/\/surflinksas.com\/#organization","name":"Internet de la era del Link","url":"https:\/\/surflinksas.com\/","logo":{"@type":"ImageObject","inLanguage":"es-CO","@id":"https:\/\/surflinksas.com\/#\/schema\/logo\/image\/","url":"https:\/\/surflinksas.com\/wp-content\/uploads\/2024\/08\/logo-surflink-tvsanvi.png","contentUrl":"https:\/\/surflinksas.com\/wp-content\/uploads\/2024\/08\/logo-surflink-tvsanvi.png","width":32000,"height":5445,"caption":"Internet de la era del Link"},"image":{"@id":"https:\/\/surflinksas.com\/#\/schema\/logo\/image\/"}}]}},"jetpack_sharing_enabled":true,"_links":{"self":[{"href":"https:\/\/surflinksas.com\/index.php\/wp-json\/wp\/v2\/pages\/451","targetHints":{"allow":["GET"]}}],"collection":[{"href":"https:\/\/surflinksas.com\/index.php\/wp-json\/wp\/v2\/pages"}],"about":[{"href":"https:\/\/surflinksas.com\/index.php\/wp-json\/wp\/v2\/types\/page"}],"author":[{"embeddable":true,"href":"https:\/\/surflinksas.com\/index.php\/wp-json\/wp\/v2\/users\/1"}],"replies":[{"embeddable":true,"href":"https:\/\/surflinksas.com\/index.php\/wp-json\/wp\/v2\/comments?post=451"}],"version-history":[{"count":7,"href":"https:\/\/surflinksas.com\/index.php\/wp-json\/wp\/v2\/pages\/451\/revisions"}],"predecessor-version":[{"id":805,"href":"https:\/\/surflinksas.com\/index.php\/wp-json\/wp\/v2\/pages\/451\/revisions\/805"}],"wp:attachment":[{"href":"https:\/\/surflinksas.com\/index.php\/wp-json\/wp\/v2\/media?parent=451"}],"curies":[{"name":"wp","href":"https:\/\/api.w.org\/{rel}","templated":true}]}}